{"id":1048,"date":"2024-09-30T17:05:27","date_gmt":"2024-09-30T16:05:27","guid":{"rendered":"http:\/\/www.cerped.fr\/?page_id=1048"},"modified":"2024-09-30T17:07:51","modified_gmt":"2024-09-30T16:07:51","slug":"tools","status":"publish","type":"page","link":"https:\/\/www.cerped.fr\/index.php\/tools\/","title":{"rendered":"Outils Recherche biom\u00e9dicale p\u00e9diatrique"},"content":{"rendered":"<p><a href=\"http:\/\/www.cerped.fr\/tools\/cic\/flesch_fr.php\" target=\"_blank\" rel=\"noopener\"><img decoding=\"async\" class=\" wp-image-1050 alignleft\" src=\"http:\/\/www.cerped.fr\/wp-content\/uploads\/2024\/09\/indice-de-FLESCH-225x300.jpeg\" alt=\"indice de FLESCH\" width=\"81\" height=\"108\" \/><\/a><a href=\"http:\/\/www.cerped.fr\/tools\/cic\/flesch_fr.php\" target=\"_blank\" rel=\"noopener\"><strong>Lisibilit\u00e9 des notices d&rsquo;information<\/strong> &#8211; <strong>indice de Flesch<\/strong><\/a><\/p>\n<p>Le CERPed met \u00e0 la disposition de tous les acteurs de la recherche (parents, relecteurs, promoteurs, investigateurs) cet outil qui permet une mesure de l&rsquo;<strong>indice de Flesch<\/strong>: celui-ci effectue une \u00e9valuation objective de la lisibilit\u00e9 des textes en fran\u00e7ais comme les notices d&rsquo;information pour tous les publics.<\/p>\n<p>&nbsp;<\/p>\n","protected":false},"excerpt":{"rendered":"<p>Lisibilit\u00e9 des notices d&rsquo;information &#8211; indice de Flesch Le CERPed met \u00e0 la disposition de tous les acteurs de la recherche (parents, relecteurs, promoteurs, investigateurs) cet outil qui permet une mesure de l&rsquo;indice de Flesch: celui-ci effectue une \u00e9valuation objective de la lisibilit\u00e9 des textes en fran\u00e7ais comme les notices d&rsquo;information pour tous les publics. [&hellip;]<\/p>\n","protected":false},"author":1,"featured_media":0,"parent":0,"menu_order":0,"comment_status":"closed","ping_status":"closed","template":"","meta":{"_acf_changed":false,"footnotes":""},"class_list":["post-1048","page","type-page","status-publish","hentry"],"acf":[],"_links":{"self":[{"href":"https:\/\/www.cerped.fr\/index.php\/wp-json\/wp\/v2\/pages\/1048","targetHints":{"allow":["GET"]}}],"collection":[{"href":"https:\/\/www.cerped.fr\/index.php\/wp-json\/wp\/v2\/pages"}],"about":[{"href":"https:\/\/www.cerped.fr\/index.php\/wp-json\/wp\/v2\/types\/page"}],"author":[{"embeddable":true,"href":"https:\/\/www.cerped.fr\/index.php\/wp-json\/wp\/v2\/users\/1"}],"replies":[{"embeddable":true,"href":"https:\/\/www.cerped.fr\/index.php\/wp-json\/wp\/v2\/comments?post=1048"}],"version-history":[{"count":2,"href":"https:\/\/www.cerped.fr\/index.php\/wp-json\/wp\/v2\/pages\/1048\/revisions"}],"predecessor-version":[{"id":1052,"href":"https:\/\/www.cerped.fr\/index.php\/wp-json\/wp\/v2\/pages\/1048\/revisions\/1052"}],"wp:attachment":[{"href":"https:\/\/www.cerped.fr\/index.php\/wp-json\/wp\/v2\/media?parent=1048"}],"curies":[{"name":"wp","href":"https:\/\/api.w.org\/{rel}","templated":true}]}}