{"id":1784,"date":"2025-01-08T12:50:24","date_gmt":"2025-01-08T11:50:24","guid":{"rendered":"http:\/\/www.cerped.fr\/?page_id=1784"},"modified":"2025-04-09T19:44:21","modified_gmt":"2025-04-09T18:44:21","slug":"fiches-pedagogiques-etude-recherche-clinique","status":"publish","type":"page","link":"https:\/\/www.cerped.fr\/index.php\/fiches-pedagogiques-etude-recherche-clinique\/","title":{"rendered":"fiches p\u00e9dagogiques &#8211; \u00e9tude recherche clinique"},"content":{"rendered":"\t\t<div data-elementor-type=\"wp-page\" data-elementor-id=\"1784\" class=\"elementor elementor-1784\">\n\t\t\t\t\t\t\t<div class=\" elementor-element elementor-element-3e234a0 e-flex e-con-boxed e-con e-parent\" data-stretch=\"full\" data-stretch-width=\"0\" data-id=\"3e234a0\" data-element_type=\"container\" data-e-type=\"container\" data-settings=\"{&quot;background_background&quot;:&quot;classic&quot;,&quot;shape_divider_top&quot;:&quot;alpha-shape4&quot;,&quot;shape_divider_bottom&quot;:&quot;alpha-shape4&quot;,&quot;shape_divider_bottom_negative&quot;:&quot;yes&quot;}\">\r\n\t\t\t\t\t\t\t<div class=\"e-con-inner\">\r\n\t\t\t\t\t\t\t<div class=\"elementor-shape elementor-shape-top\" data-negative=\"false\">\r\n\t\t\t\t<svg version=\"1.1\" xmlns=\"http:\/\/www.w3.org\/2000\/svg\" viewBox=\"0 0 1920 308.91\" preserveAspectRatio=\"none\">\r\n\t<path fill-rule=\"evenodd\" clip-rule=\"evenodd\" d=\"M1920,75.843C1826.471,32.877,1705.656,0,1556.84,0\r\n\t\tc-384.294,0-435.073,222-741.049,222C509.813,222,524.125,89.333,262.753,89.333c-98.258,0-189.995,18.612-262.753,39.885L0.159,0\r\n\t\tH1920V75.843z\"\/>\r\n<\/svg>\r\n\t\t\t<\/div>\r\n\t\t\t\t\t\t<div class=\"elementor-shape elementor-shape-bottom\" data-negative=\"true\">\r\n\t\t\t\t<svg version=\"1.1\" xmlns=\"http:\/\/www.w3.org\/2000\/svg\" viewBox=\"0 0 1920 308.91\" preserveAspectRatio=\"none\">\r\n\t<path d=\"M1919.999,75.696C1826.47,32.813,1705.655,0,1556.839,0c-384.294,0-435.073,221.57-741.049,221.57\r\n\t\tc-305.977,0-291.665-132.41-553.037-132.41C164.495,89.16,72.758,107.736,0,128.968L0.159,308H1920L1919.999,75.696\r\n\t\tL1919.999,75.696z\"\/>\r\n<\/svg>\r\n\t\t\t<\/div>\r\n\t\t\t\t\t<div class=\"elementor-element elementor-element-b805ce3 elementor-invisible elementor-widget elementor-widget-heading\" data-id=\"b805ce3\" data-element_type=\"widget\" data-e-type=\"widget\" data-settings=\"{&quot;_animation&quot;:&quot;fadeIn&quot;,&quot;_animation_delay&quot;:200}\" data-widget_type=\"heading.default\">\n\t\t\t\t<div class=\"elementor-widget-container\">\n\t\t\t\t\t<h6 class=\"elementor-heading-title elementor-size-default\">aides aux familles<\/h6>\t\t\t\t<\/div>\n\t\t\t\t<\/div>\n\t\t\t\t<div class=\"elementor-element elementor-element-0a77761 ml-auto mr-auto mb-2 elementor-widget__width-initial elementor-invisible elementor-widget elementor-widget-heading\" data-id=\"0a77761\" data-element_type=\"widget\" data-e-type=\"widget\" data-settings=\"{&quot;_animation&quot;:&quot;fadeIn&quot;,&quot;_animation_delay&quot;:200}\" data-widget_type=\"heading.default\">\n\t\t\t\t<div class=\"elementor-widget-container\">\n\t\t\t\t\t<h3 class=\"elementor-heading-title elementor-size-default\"><strong class=\"text-secondary\">Collection de fiches pratiques juridiques p\u00e9dagogiques<\/strong> destin\u00e9es aux familles \ndans le cadre d\u2019une \u00e9tude en recherche clinique<\/h3>\t\t\t\t<\/div>\n\t\t\t\t<\/div>\n\t\t\t\t<div class=\"elementor-element elementor-element-2837983 elementor-widget__width-initial elementor-invisible elementor-widget elementor-widget-heading\" data-id=\"2837983\" data-element_type=\"widget\" data-e-type=\"widget\" data-settings=\"{&quot;_animation&quot;:&quot;fadeIn&quot;,&quot;_animation_delay&quot;:200}\" data-widget_type=\"heading.default\">\n\t\t\t\t<div class=\"elementor-widget-container\">\n\t\t\t\t\t<p class=\"elementor-heading-title elementor-size-default\">Le CERPed et l'UNAPECLE ont travaill\u00e9 ensemble pendant l'ann\u00e9e 2024 pour r\u00e9diger des fiches pratiques p\u00e9dagogiques destin\u00e9es aux familles afin qu\u2019elles puissent mieux appr\u00e9hender les situations rencontr\u00e9es dans le cadre d\u2019une \u00e9tude en recherche clinique, biom\u00e9dicale, quelle que soit la maladie concern\u00e9e:<\/p>\t\t\t\t<\/div>\n\t\t\t\t<\/div>\n\t\t\t\t\t<div class=\" elementor-element elementor-element-9187b01 e-con-full e-flex e-con e-child\" data-id=\"9187b01\" data-element_type=\"container\" data-e-type=\"container\">\r\n\t\t\t\t\t\t<div class=\" elementor-element elementor-element-3a55915 e-con-full e-flex e-con e-child\" data-id=\"3a55915\" data-element_type=\"container\" data-e-type=\"container\">\r\n\t\t\t\t\t<div class=\"elementor-element elementor-element-34ae288 cs_7-iconbox elementor-invisible elementor-widget elementor-widget-udesign_widget_iconbox\" data-id=\"34ae288\" data-element_type=\"widget\" data-e-type=\"widget\" data-settings=\"{&quot;_animation&quot;:&quot;fadeInUpShorter&quot;,&quot;_animation_delay&quot;:200}\" data-widget_type=\"udesign_widget_iconbox.default\">\n\t\t\t\t<div class=\"elementor-widget-container\">\n\t\t\t\t\t<div class=\"icon-box position-top icon-stacked hover-overlay hover-stacked float\"><a class=\"link\" href=\"https:\/\/www.cerped.fr\/wp-content\/uploads\/2025\/01\/Fiches_juridiques_pedagogiques-RechercheClinique-Pediatrique-V0325.pdf\" target=\"_blank\" aria-label=\"Icon Box\" ><\/a><div class=\"icon-box-feature\"><i class=\"fas fa-book-open\"><\/i><\/div><div class=\"icon-box-content\"><h3 class=\"icon-box-title\"><a class=\"link\" href=\"https:\/\/www.cerped.fr\/wp-content\/uploads\/2025\/01\/Fiches_juridiques_pedagogiques-RechercheClinique-Pediatrique-V0325.pdf\" target=\"_blank\" aria-label=\"Icon Box\" >fascicule <br>avec toutes les fiches<\/a><\/h3><a class=\"btn btn-link btn-underline  btn-md btn-white btn-icon btn-icon-right\" href=\"https:\/\/www.cerped.fr\/wp-content\/uploads\/2025\/01\/Fiches_juridiques_pedagogiques-RechercheClinique-Pediatrique-V0325.pdf\"  target=\"nofollow\"><span >t\u00e9l\u00e9charger<\/span><i class=\"fas fa-download\"><\/i><\/a><\/div><\/div>\t\t\t\t<\/div>\n\t\t\t\t<\/div>\n\t\t\r\n\t\t\t<\/div>\r\n\t\t\t\t\t\t<div class=\" elementor-element elementor-element-97f3718 e-con-full e-flex e-con e-child\" data-id=\"97f3718\" data-element_type=\"container\" data-e-type=\"container\">\r\n\t\t\t\t\t<div class=\"elementor-element elementor-element-d4d3ad4 cs_7-iconbox elementor-invisible elementor-widget elementor-widget-udesign_widget_iconbox\" data-id=\"d4d3ad4\" data-element_type=\"widget\" data-e-type=\"widget\" data-settings=\"{&quot;_animation&quot;:&quot;fadeInUpShorter&quot;,&quot;_animation_delay&quot;:200}\" data-widget_type=\"udesign_widget_iconbox.default\">\n\t\t\t\t<div class=\"elementor-widget-container\">\n\t\t\t\t\t<div class=\"icon-box position-top icon-stacked shape-circle hover-overlay hover-stacked float\"><a class=\"link\" href=\"https:\/\/www.cerped.fr\/wp-content\/uploads\/2025\/01\/FichePedaRecherche-01_les_types_de_recherche-V4.pdf\" target=\"_blank\" aria-label=\"Icon Box\" ><\/a><div class=\"icon-box-feature\"><i class=\"  u-icon-search3\"><\/i><\/div><div class=\"icon-box-content\"><h3 class=\"icon-box-title\"><a class=\"link\" href=\"https:\/\/www.cerped.fr\/wp-content\/uploads\/2025\/01\/FichePedaRecherche-01_les_types_de_recherche-V4.pdf\" target=\"_blank\" aria-label=\"Icon Box\" >Fiche n\u00b01 : Les types de recherches<\/a><\/h3><a class=\"btn btn-link btn-underline  btn-md btn-secondary btn-icon btn-icon-right\" href=\"https:\/\/www.cerped.fr\/wp-content\/uploads\/2025\/01\/FichePedaRecherche-01_les_types_de_recherche-V4.pdf\"  target=\"nofollow\"><span >D\u00e9couvrir<\/span><i class=\"  a-icon-plus\"><\/i><\/a><\/div><\/div>\t\t\t\t<\/div>\n\t\t\t\t<\/div>\n\t\t\r\n\t\t\t<\/div>\r\n\t\t\t\t\t\t<div class=\" elementor-element elementor-element-94b972f e-con-full e-flex e-con e-child\" data-id=\"94b972f\" data-element_type=\"container\" data-e-type=\"container\">\r\n\t\t\t\t\t<div class=\"elementor-element elementor-element-61ba36e cs_7-iconbox elementor-invisible elementor-widget elementor-widget-udesign_widget_iconbox\" data-id=\"61ba36e\" data-element_type=\"widget\" data-e-type=\"widget\" data-settings=\"{&quot;_animation&quot;:&quot;fadeInUpShorter&quot;,&quot;_animation_delay&quot;:200}\" data-widget_type=\"udesign_widget_iconbox.default\">\n\t\t\t\t<div class=\"elementor-widget-container\">\n\t\t\t\t\t<div class=\"icon-box position-top icon-stacked shape-circle hover-overlay hover-stacked float\"><a class=\"link\" href=\"https:\/\/www.cerped.fr\/wp-content\/uploads\/2025\/01\/FichePedaRecherche-02_information_parents_familles-V5.pdf\" target=\"_blank\" aria-label=\"Icon Box\" ><\/a><div class=\"icon-box-feature\"><i class=\"  u-icon-family\"><\/i><\/div><div class=\"icon-box-content\"><h3 class=\"icon-box-title\"><a class=\"link\" href=\"https:\/\/www.cerped.fr\/wp-content\/uploads\/2025\/01\/FichePedaRecherche-02_information_parents_familles-V5.pdf\" target=\"_blank\" aria-label=\"Icon Box\" >Fiche n\u00b02 : L\u2019information faite aux parents et aux familles<\/a><\/h3><a class=\"btn btn-link btn-underline  btn-md btn-secondary btn-icon btn-icon-right\" href=\"https:\/\/www.cerped.fr\/wp-content\/uploads\/2025\/01\/FichePedaRecherche-02_information_parents_familles-V5.pdf\"  target=\"nofollow\"><span >D\u00e9couvrir<\/span><i class=\"  a-icon-plus\"><\/i><\/a><\/div><\/div>\t\t\t\t<\/div>\n\t\t\t\t<\/div>\n\t\t\r\n\t\t\t<\/div>\r\n\t\t\t\t\t\t<div class=\" elementor-element elementor-element-6ac9bf0 e-con-full e-flex e-con e-child\" data-id=\"6ac9bf0\" data-element_type=\"container\" data-e-type=\"container\">\r\n\t\t\t\t\t<div class=\"elementor-element elementor-element-46a0595 cs_7-iconbox elementor-invisible elementor-widget elementor-widget-udesign_widget_iconbox\" data-id=\"46a0595\" data-element_type=\"widget\" data-e-type=\"widget\" data-settings=\"{&quot;_animation&quot;:&quot;fadeInUpShorter&quot;,&quot;_animation_delay&quot;:200}\" data-widget_type=\"udesign_widget_iconbox.default\">\n\t\t\t\t<div class=\"elementor-widget-container\">\n\t\t\t\t\t<div class=\"icon-box position-top icon-stacked shape-circle hover-overlay hover-stacked float\"><a class=\"link\" href=\"https:\/\/www.cerped.fr\/wp-content\/uploads\/2025\/01\/FichePedaRecherche-03_acceptation_signature_des_mineurs.pdf\" target=\"_blank\" aria-label=\"Icon Box\" ><\/a><div class=\"icon-box-feature\"><i class=\"  u-icon-check\"><\/i><\/div><div class=\"icon-box-content\"><h3 class=\"icon-box-title\"><a class=\"link\" href=\"https:\/\/www.cerped.fr\/wp-content\/uploads\/2025\/01\/FichePedaRecherche-03_acceptation_signature_des_mineurs.pdf\" target=\"_blank\" aria-label=\"Icon Box\" >Fiche n\u00b03 : Acceptation, refus et signature des mineurs<\/a><\/h3><a class=\"btn btn-link btn-underline  btn-md btn-secondary btn-icon btn-icon-right\" href=\"https:\/\/www.cerped.fr\/wp-content\/uploads\/2025\/01\/FichePedaRecherche-03_acceptation_signature_des_mineurs.pdf\"  target=\"nofollow\"><span >D\u00e9couvrir<\/span><i class=\"  a-icon-plus\"><\/i><\/a><\/div><\/div>\t\t\t\t<\/div>\n\t\t\t\t<\/div>\n\t\t\r\n\t\t\t<\/div>\r\n\t\t\t\t\t\t<div class=\" elementor-element elementor-element-19a35bd e-con-full e-flex e-con e-child\" data-id=\"19a35bd\" data-element_type=\"container\" data-e-type=\"container\">\r\n\t\t\t\t\t<div class=\"elementor-element elementor-element-a7cc40c cs_7-iconbox elementor-invisible elementor-widget elementor-widget-udesign_widget_iconbox\" data-id=\"a7cc40c\" data-element_type=\"widget\" data-e-type=\"widget\" data-settings=\"{&quot;_animation&quot;:&quot;fadeInUpShorter&quot;,&quot;_animation_delay&quot;:200}\" data-widget_type=\"udesign_widget_iconbox.default\">\n\t\t\t\t<div class=\"elementor-widget-container\">\n\t\t\t\t\t<div class=\"icon-box position-top icon-stacked shape-circle hover-overlay hover-stacked float\"><a class=\"link\" href=\"https:\/\/www.cerped.fr\/wp-content\/uploads\/2025\/01\/FichePedaRecherche-04-1P_information_parents_contraception_grossesse.pdf\" target=\"_blank\" aria-label=\"Icon Box\" ><\/a><div class=\"icon-box-feature\"><i class=\"fas fa-pills\"><\/i><\/div><div class=\"icon-box-content\"><h3 class=\"icon-box-title\"><a class=\"link\" href=\"https:\/\/www.cerped.fr\/wp-content\/uploads\/2025\/01\/FichePedaRecherche-04-1P_information_parents_contraception_grossesse.pdf\" target=\"_blank\" aria-label=\"Icon Box\" >Fiche n\u00b04 (1 ) : Contraception \u2013 grossesse<\/a><\/h3><p class=\"icon-box-desc\">fiche \u00e0 destination des parents<\/p><a class=\"btn btn-link btn-underline  btn-md btn-secondary btn-icon btn-icon-right\" href=\"https:\/\/www.cerped.fr\/wp-content\/uploads\/2025\/01\/FichePedaRecherche-04-1P_information_parents_contraception_grossesse.pdf\"  target=\"nofollow\"><span >D\u00e9couvrir<\/span><i class=\"  a-icon-plus\"><\/i><\/a><\/div><\/div>\t\t\t\t<\/div>\n\t\t\t\t<\/div>\n\t\t\r\n\t\t\t<\/div>\r\n\t\t\t\t\t\t<div class=\" elementor-element elementor-element-0d67aab e-con-full e-flex e-con e-child\" data-id=\"0d67aab\" data-element_type=\"container\" data-e-type=\"container\">\r\n\t\t\t\t\t<div class=\"elementor-element elementor-element-aa8c0db cs_7-iconbox elementor-invisible elementor-widget elementor-widget-udesign_widget_iconbox\" data-id=\"aa8c0db\" data-element_type=\"widget\" data-e-type=\"widget\" data-settings=\"{&quot;_animation&quot;:&quot;fadeInUpShorter&quot;,&quot;_animation_delay&quot;:200}\" data-widget_type=\"udesign_widget_iconbox.default\">\n\t\t\t\t<div class=\"elementor-widget-container\">\n\t\t\t\t\t<div class=\"icon-box position-top icon-stacked shape-circle hover-overlay hover-stacked float\"><a class=\"link\" href=\"https:\/\/www.cerped.fr\/wp-content\/uploads\/2025\/01\/FichePedaRecherche-04-2M_information_mineures_contraception_grossesse.pdf\" target=\"_blank\" aria-label=\"Icon Box\" ><\/a><div class=\"icon-box-feature\"><i class=\"fas fa-pills\"><\/i><\/div><div class=\"icon-box-content\"><h3 class=\"icon-box-title\"><a class=\"link\" href=\"https:\/\/www.cerped.fr\/wp-content\/uploads\/2025\/01\/FichePedaRecherche-04-2M_information_mineures_contraception_grossesse.pdf\" target=\"_blank\" aria-label=\"Icon Box\" >Fiche n\u00b04 (2): Contraception \u2013 grossesse<\/a><\/h3><p class=\"icon-box-desc\">fiche \u00e0 destination des jeunes filles<\/p><a class=\"btn btn-link btn-underline  btn-md btn-secondary btn-icon btn-icon-right\" href=\"https:\/\/www.cerped.fr\/wp-content\/uploads\/2025\/01\/FichePedaRecherche-04-2M_information_mineures_contraception_grossesse.pdf\"  target=\"nofollow\"><span >D\u00e9couvrir<\/span><i class=\"  a-icon-plus\"><\/i><\/a><\/div><\/div>\t\t\t\t<\/div>\n\t\t\t\t<\/div>\n\t\t\r\n\t\t\t<\/div>\r\n\t\t\t\t\t\t<div class=\" elementor-element elementor-element-e7eb601 e-con-full e-flex e-con e-child\" data-id=\"e7eb601\" data-element_type=\"container\" data-e-type=\"container\">\r\n\t\t\t\t\t<div class=\"elementor-element elementor-element-7bff24d cs_7-iconbox elementor-invisible elementor-widget elementor-widget-udesign_widget_iconbox\" data-id=\"7bff24d\" data-element_type=\"widget\" data-e-type=\"widget\" data-settings=\"{&quot;_animation&quot;:&quot;fadeInUpShorter&quot;,&quot;_animation_delay&quot;:200}\" data-widget_type=\"udesign_widget_iconbox.default\">\n\t\t\t\t<div class=\"elementor-widget-container\">\n\t\t\t\t\t<div class=\"icon-box position-top icon-stacked shape-circle hover-overlay hover-stacked float\"><a class=\"link\" href=\"https:\/\/www.cerped.fr\/wp-content\/uploads\/2025\/01\/FichePedaRecherche-05_Autorites_competentes_comites_ethique-V4.pdf\" target=\"_blank\" aria-label=\"Icon Box\" ><\/a><div class=\"icon-box-feature\"><i class=\"far fa-edit\"><\/i><\/div><div class=\"icon-box-content\"><h3 class=\"icon-box-title\"><a class=\"link\" href=\"https:\/\/www.cerped.fr\/wp-content\/uploads\/2025\/01\/FichePedaRecherche-05_Autorites_competentes_comites_ethique-V4.pdf\" target=\"_blank\" aria-label=\"Icon Box\" >Fiche n\u00b05 : Les autorit\u00e9s comp\u00e9tentes et les comit\u00e9s d\u2019\u00e9thiques<\/a><\/h3><a class=\"btn btn-link btn-underline  btn-md btn-secondary btn-icon btn-icon-right\" href=\"https:\/\/www.cerped.fr\/wp-content\/uploads\/2025\/01\/FichePedaRecherche-05_Autorites_competentes_comites_ethique-V4.pdf\"  target=\"nofollow\"><span >D\u00e9couvrir<\/span><i class=\"  a-icon-plus\"><\/i><\/a><\/div><\/div>\t\t\t\t<\/div>\n\t\t\t\t<\/div>\n\t\t\r\n\t\t\t<\/div>\r\n\t\t\t\t\t\t<div class=\" elementor-element elementor-element-a0614e5 e-con-full e-flex e-con e-child\" data-id=\"a0614e5\" data-element_type=\"container\" data-e-type=\"container\">\r\n\t\t\t\t\t<div class=\"elementor-element elementor-element-9ca63b0 cs_7-iconbox elementor-invisible elementor-widget elementor-widget-udesign_widget_iconbox\" data-id=\"9ca63b0\" data-element_type=\"widget\" data-e-type=\"widget\" data-settings=\"{&quot;_animation&quot;:&quot;fadeInUpShorter&quot;,&quot;_animation_delay&quot;:200}\" data-widget_type=\"udesign_widget_iconbox.default\">\n\t\t\t\t<div class=\"elementor-widget-container\">\n\t\t\t\t\t<div class=\"icon-box position-top icon-stacked shape-circle hover-overlay hover-stacked float\"><a class=\"link\" href=\"https:\/\/www.cerped.fr\/wp-content\/uploads\/2025\/01\/FichePedaRecherche-06_differentes_phases_recherche_medicament.pdf\" target=\"_blank\" aria-label=\"Icon Box\" ><\/a><div class=\"icon-box-feature\"><i class=\"far fa-list-alt\"><\/i><\/div><div class=\"icon-box-content\"><h3 class=\"icon-box-title\"><a class=\"link\" href=\"https:\/\/www.cerped.fr\/wp-content\/uploads\/2025\/01\/FichePedaRecherche-06_differentes_phases_recherche_medicament.pdf\" target=\"_blank\" aria-label=\"Icon Box\" >Fiche n\u00b06 : Les diff\u00e9rentes phases de recherche sur un m\u00e9dicament en p\u00e9diatrie<\/a><\/h3><a class=\"btn btn-link btn-underline  btn-md btn-secondary btn-icon btn-icon-right\" href=\"https:\/\/www.cerped.fr\/wp-content\/uploads\/2025\/01\/FichePedaRecherche-06_differentes_phases_recherche_medicament.pdf\"  target=\"nofollow\"><span >D\u00e9couvrir<\/span><i class=\"  a-icon-plus\"><\/i><\/a><\/div><\/div>\t\t\t\t<\/div>\n\t\t\t\t<\/div>\n\t\t\r\n\t\t\t<\/div>\r\n\t\t\t\t\t\t<div class=\" elementor-element elementor-element-cf28aaa e-con-full e-flex e-con e-child\" data-id=\"cf28aaa\" data-element_type=\"container\" data-e-type=\"container\">\r\n\t\t\t\t\t<div class=\"elementor-element elementor-element-0af087d cs_7-iconbox elementor-invisible elementor-widget elementor-widget-udesign_widget_iconbox\" data-id=\"0af087d\" data-element_type=\"widget\" data-e-type=\"widget\" data-settings=\"{&quot;_animation&quot;:&quot;fadeInUpShorter&quot;,&quot;_animation_delay&quot;:200}\" data-widget_type=\"udesign_widget_iconbox.default\">\n\t\t\t\t<div class=\"elementor-widget-container\">\n\t\t\t\t\t<div class=\"icon-box position-top icon-stacked shape-circle hover-overlay hover-stacked float\"><a class=\"link\" href=\"https:\/\/www.cerped.fr\/wp-content\/uploads\/2025\/01\/FichePedaRecherche-08-genetique-V6.pdf\" target=\"_blank\" aria-label=\"Icon Box\" ><\/a><div class=\"icon-box-feature\"><i class=\"fas fa-dna\"><\/i><\/div><div class=\"icon-box-content\"><h3 class=\"icon-box-title\"><a class=\"link\" href=\"https:\/\/www.cerped.fr\/wp-content\/uploads\/2025\/01\/FichePedaRecherche-08-genetique-V6.pdf\" target=\"_blank\" aria-label=\"Icon Box\" >Fiche n\u00b08 : G\u00e9n\u00e9tique<\/a><\/h3><a class=\"btn btn-link btn-underline  btn-md btn-secondary btn-icon btn-icon-right\" href=\"https:\/\/www.cerped.fr\/wp-content\/uploads\/2025\/01\/FichePedaRecherche-08-genetique-V6.pdf\"  target=\"nofollow\"><span >D\u00e9couvrir<\/span><i class=\"  a-icon-plus\"><\/i><\/a><\/div><\/div>\t\t\t\t<\/div>\n\t\t\t\t<\/div>\n\t\t\r\n\t\t\t<\/div>\r\n\t\t\t\t\t\t<div class=\" elementor-element elementor-element-cb43a52 e-con-full e-flex e-con e-child\" data-id=\"cb43a52\" data-element_type=\"container\" data-e-type=\"container\">\r\n\t\t\t\t\t<div class=\"elementor-element elementor-element-ab902df cs_7-iconbox elementor-invisible elementor-widget elementor-widget-udesign_widget_iconbox\" data-id=\"ab902df\" data-element_type=\"widget\" data-e-type=\"widget\" data-settings=\"{&quot;_animation&quot;:&quot;fadeInUpShorter&quot;,&quot;_animation_delay&quot;:200}\" data-widget_type=\"udesign_widget_iconbox.default\">\n\t\t\t\t<div class=\"elementor-widget-container\">\n\t\t\t\t\t<div class=\"icon-box position-top icon-stacked shape-circle hover-overlay hover-stacked float\"><a class=\"link\" href=\"https:\/\/www.cerped.fr\/wp-content\/uploads\/2025\/01\/FichePedaRecherche-07_Reutilisation_echantillons_biologiques_recherche_v3.pdf\" target=\"_blank\" aria-label=\"Icon Box\" ><\/a><div class=\"icon-box-feature\"><i class=\"fas fa-puzzle-piece\"><\/i><\/div><div class=\"icon-box-content\"><h3 class=\"icon-box-title\"><a class=\"link\" href=\"https:\/\/www.cerped.fr\/wp-content\/uploads\/2025\/01\/FichePedaRecherche-07_Reutilisation_echantillons_biologiques_recherche_v3.pdf\" target=\"_blank\" aria-label=\"Icon Box\" >Fiche n\u00b07 : R\u00e9utilisation des \u00e9chantillons biologiques et des donn\u00e9es personnelles pour de nouvelles recherches<\/a><\/h3><a class=\"btn btn-link btn-underline  btn-md btn-secondary btn-icon btn-icon-right\" href=\"https:\/\/www.cerped.fr\/wp-content\/uploads\/2025\/01\/FichePedaRecherche-07_Reutilisation_echantillons_biologiques_recherche_v3.pdf\"  target=\"nofollow\"><span >D\u00e9couvrir<\/span><i class=\"  a-icon-plus\"><\/i><\/a><\/div><\/div>\t\t\t\t<\/div>\n\t\t\t\t<\/div>\n\t\t\r\n\t\t\t<\/div>\r\n\t\t\t\t\t\t<div class=\" elementor-element elementor-element-7146f34 e-con-full e-flex e-con e-child\" data-id=\"7146f34\" data-element_type=\"container\" data-e-type=\"container\">\r\n\t\t\t\t\t<div class=\"elementor-element elementor-element-d3ac6b5 cs_7-iconbox elementor-invisible elementor-widget elementor-widget-udesign_widget_iconbox\" data-id=\"d3ac6b5\" data-element_type=\"widget\" data-e-type=\"widget\" data-settings=\"{&quot;_animation&quot;:&quot;fadeInUpShorter&quot;,&quot;_animation_delay&quot;:200}\" data-widget_type=\"udesign_widget_iconbox.default\">\n\t\t\t\t<div class=\"elementor-widget-container\">\n\t\t\t\t\t<div class=\"icon-box position-top icon-stacked shape-circle hover-overlay hover-stacked float\"><a class=\"link\" href=\"https:\/\/www.cerped.fr\/wp-content\/uploads\/2025\/01\/FichePedaRecherche-09_RGPD.pdf\" target=\"_blank\" aria-label=\"Icon Box\" ><\/a><div class=\"icon-box-feature\"><i class=\"  u-icon-data-structure\"><\/i><\/div><div class=\"icon-box-content\"><h3 class=\"icon-box-title\"><a class=\"link\" href=\"https:\/\/www.cerped.fr\/wp-content\/uploads\/2025\/01\/FichePedaRecherche-09_RGPD.pdf\" target=\"_blank\" aria-label=\"Icon Box\" >Fiche n\u00b09 : RGPD - les donn\u00e9es personnelles<\/a><\/h3><a class=\"btn btn-link btn-underline  btn-md btn-secondary btn-icon btn-icon-right\" href=\"https:\/\/www.cerped.fr\/wp-content\/uploads\/2025\/01\/FichePedaRecherche-09_RGPD.pdf\"  target=\"nofollow\"><span >D\u00e9couvrir<\/span><i class=\"  a-icon-plus\"><\/i><\/a><\/div><\/div>\t\t\t\t<\/div>\n\t\t\t\t<\/div>\n\t\t\r\n\t\t\t<\/div>\r\n\t\t\t\t\t\t<div class=\" elementor-element elementor-element-d362b9b e-con-full e-flex e-con e-child\" data-id=\"d362b9b\" data-element_type=\"container\" data-e-type=\"container\">\r\n\t\t\t\t\t<div class=\"elementor-element elementor-element-5718bdf cs_7-iconbox elementor-invisible elementor-widget elementor-widget-udesign_widget_iconbox\" data-id=\"5718bdf\" data-element_type=\"widget\" data-e-type=\"widget\" data-settings=\"{&quot;_animation&quot;:&quot;fadeInUpShorter&quot;,&quot;_animation_delay&quot;:200}\" data-widget_type=\"udesign_widget_iconbox.default\">\n\t\t\t\t<div class=\"elementor-widget-container\">\n\t\t\t\t\t<div class=\"icon-box position-top icon-stacked shape-circle hover-overlay hover-stacked float\"><a class=\"link\" href=\"https:\/\/www.cerped.fr\/wp-content\/uploads\/2025\/01\/FichePedaRecherche-10_consentement_ou_non-opposition-V5.pdf\" target=\"_blank\" aria-label=\"Icon Box\" ><\/a><div class=\"icon-box-feature\"><i class=\"far fa-thumbs-up\"><\/i><\/div><div class=\"icon-box-content\"><h3 class=\"icon-box-title\"><a class=\"link\" href=\"https:\/\/www.cerped.fr\/wp-content\/uploads\/2025\/01\/FichePedaRecherche-10_consentement_ou_non-opposition-V5.pdf\" target=\"_blank\" aria-label=\"Icon Box\" >Fiche n\u00b010 : le Consentement ou la non-opposition<\/a><\/h3><a class=\"btn btn-link btn-underline  btn-md btn-secondary btn-icon btn-icon-right\" href=\"https:\/\/www.cerped.fr\/wp-content\/uploads\/2025\/01\/FichePedaRecherche-10_consentement_ou_non-opposition-V5.pdf\"  target=\"nofollow\"><span >D\u00e9couvrir<\/span><i class=\"  a-icon-plus\"><\/i><\/a><\/div><\/div>\t\t\t\t<\/div>\n\t\t\t\t<\/div>\n\t\t\r\n\t\t\t<\/div>\r\n\t\t\t\r\n\t\t\t<\/div>\r\n\t\t\t\t\t\t\t<\/div>\r\n\t\t\t\t\r\n\t\t\t<\/div>\r\n\t\t\t\t\t<\/div>\n\t\t","protected":false},"excerpt":{"rendered":"<p>aides aux familles Collection de fiches pratiques juridiques p\u00e9dagogiques destin\u00e9es aux familles dans le cadre d\u2019une \u00e9tude en recherche clinique Le CERPed et l&rsquo;UNAPECLE ont travaill\u00e9 ensemble pendant l&rsquo;ann\u00e9e 2024 pour r\u00e9diger des fiches pratiques p\u00e9dagogiques destin\u00e9es aux familles afin qu\u2019elles puissent mieux appr\u00e9hender les situations rencontr\u00e9es dans le cadre d\u2019une \u00e9tude en recherche clinique, [&hellip;]<\/p>\n","protected":false},"author":1,"featured_media":0,"parent":0,"menu_order":0,"comment_status":"closed","ping_status":"closed","template":"","meta":{"_acf_changed":false,"footnotes":""},"class_list":["post-1784","page","type-page","status-publish","hentry"],"acf":[],"_links":{"self":[{"href":"https:\/\/www.cerped.fr\/index.php\/wp-json\/wp\/v2\/pages\/1784","targetHints":{"allow":["GET"]}}],"collection":[{"href":"https:\/\/www.cerped.fr\/index.php\/wp-json\/wp\/v2\/pages"}],"about":[{"href":"https:\/\/www.cerped.fr\/index.php\/wp-json\/wp\/v2\/types\/page"}],"author":[{"embeddable":true,"href":"https:\/\/www.cerped.fr\/index.php\/wp-json\/wp\/v2\/users\/1"}],"replies":[{"embeddable":true,"href":"https:\/\/www.cerped.fr\/index.php\/wp-json\/wp\/v2\/comments?post=1784"}],"version-history":[{"count":37,"href":"https:\/\/www.cerped.fr\/index.php\/wp-json\/wp\/v2\/pages\/1784\/revisions"}],"predecessor-version":[{"id":1907,"href":"https:\/\/www.cerped.fr\/index.php\/wp-json\/wp\/v2\/pages\/1784\/revisions\/1907"}],"wp:attachment":[{"href":"https:\/\/www.cerped.fr\/index.php\/wp-json\/wp\/v2\/media?parent=1784"}],"curies":[{"name":"wp","href":"https:\/\/api.w.org\/{rel}","templated":true}]}}