{"id":5,"date":"2018-04-13T20:33:48","date_gmt":"2018-04-13T19:33:48","guid":{"rendered":"http:\/\/www.cerped.fr\/?page_id=5"},"modified":"2025-09-24T08:37:25","modified_gmt":"2025-09-24T07:37:25","slug":"cercle-ethique-en-recherche-pediatrique-cerped","status":"publish","type":"page","link":"https:\/\/www.cerped.fr\/index.php\/cercle-ethique-en-recherche-pediatrique-cerped\/","title":{"rendered":"Cercle d\u2019\u00c9thique en Recherche P\u00e9diatrique (CERPed)"},"content":{"rendered":"[vc_section][vc_row][vc_column][vc_column_text]Le <span style=\"color: #008000;\"><strong><em>CERPed<\/em> (Cercle d\u2019Ethique en Recherche P\u00e9diatrique)<\/strong><\/span> travaille, depuis sa cr\u00e9ation en 2009, \u00e0 l\u2019am\u00e9lioration des conditions \u00e9thiques de la recherche en p\u00e9diatrie.<br \/>Ses travaux s\u2019adressent \u00e0 tous les acteurs de la recherche en p\u00e9diatrie : les enfants et les adolescents, leur famille (en particulier les parents et la fratrie), les \u00e9quipes soignantes, les promoteurs et les investigateurs, et les CPP (Comit\u00e9s de Protections des personnes, charg\u00e9s de donner un avis d\u00e9lib\u00e9ratif sur chaque protocole de recherche qui leur est soumis).<\/p>\n<h3>Actes fondateurs<\/h3>\n<p>Le Cercle d\u2019Ethique pour la Recherche en P\u00e9diatrie (<em>CERPed<\/em>) a vu le jour en ao\u00fbt 2009, issu de la <em>Commission de p\u00e9diatrie de la CNCP<\/em>*. Celle-ci avait effectue un travail de r\u00e9flexion \u00e9thique qui avait abouti notamment \u00e0 la publication de recommandations pour l\u2019examen par les CPP** d\u2019un protocole de recherche incluant des mineurs. Cette Commission de P\u00e9diatrie \u00e9tait constitu\u00e9e de membres issus des deux coll\u00e8ges et appartenant \u00e0 divers CPP.<\/p>\n<p>En avril 2009, la plupart de ses membres ont jug\u00e9 opportun, dans un souci d\u2019ouverture et d\u2019ind\u00e9pendance, d\u2019\u00e9largir ce cercle de r\u00e9flexion en associant \u00e0 leurs travaux des personnes qualifi\u00e9es n\u2019appartenant pas \u00e0 des CPP et en se rapprochant d\u2019autres institutions directement concern\u00e9es par l\u2019\u00e9thique de la recherche en p\u00e9diatrie. Est n\u00e9 de cette r\u00e9flexion le CERPed qui est une association r\u00e9gie par la Loi de 1901, enregistr\u00e9e en ao\u00fbt 2009 aupr\u00e8s de la sous-pr\u00e9fecture d\u2019Antony. Son si\u00e8ge social f\u00fbt \u00e0 l\u2019h\u00f4pital Antoine B\u00e9cl\u00e8re avant d&rsquo;\u00eatre aujourd&rsquo;hui \u00e0 l&rsquo;Institut Curie.<\/p>\n<p>Le CERPed s\u2019est dot\u00e9 d\u2019un site internet (www.cerped.fr) sur lequel vous trouverez la liste de ses membres, les statuts, les travaux r\u00e9alis\u00e9s par ses membres ainsi que les projets et actions en cours.<br \/>Le CERPed accueillera volontiers en son sein tous les acteurs qualifi\u00e9s et\/ou concern\u00e9s par l\u2019\u00e9thique de la recherche p\u00e9diatrique. Les personnes int\u00e9ress\u00e9es sont pri\u00e9es d\u2019adresser au secr\u00e9tariat de l\u2019association une lettre de motivation ainsi qu\u2019un curriculum vitae.<\/p>\n<h3>Les membres fondateurs<\/h3>\n<p>Jean-Michel Zucker, Jean-Louis Bernard, Catherine Holzmann, Chantal Aubert-Fourmy, Marie Bonnet, Michel Broyer, H\u00e9l\u00e8ne Chappuy, Vincent Gajdos, Behrouz Kassai. Laurent Lemaitre, Ouarda Tamine.<\/p>\n<h3>Les membres au 30 mai 2024<\/h3>\n<p><strong>Pr\u00e9sidente :<\/strong> H\u00e9l\u00e8ne Chappuy. Professeure en p\u00e9diatrie. Cheffe du service des urgences de l\u2019H\u00f4pital Necker- enfants malades<\/p>\n<p><strong>Vice-pr\u00e9sidente :<\/strong> Catherine Vergely, secr\u00e9taire g\u00e9n\u00e9rale de l\u2019UNAPECLE (Union des Associations de Parents d&rsquo;Enfants atteints de Cancer ou LEuc\u00e9mie)<\/p>\n<p><strong>Vice-pr\u00e9sident :<\/strong> Fran\u00e7ois Doz, p\u00e9diatre oncologue \u00e0 l&rsquo;Institut Curie<\/p>\n<p><strong>Secr\u00e9taire g\u00e9n\u00e9rale :<\/strong> Chantal Aubert-Fourmy. M\u00e9decin g\u00e9n\u00e9raliste membre du CPP Ile de France VIII<\/p>\n<p><strong>Tr\u00e9sori\u00e8re :<\/strong> Am\u00e9lie de Haut de Sigy. Psychologue clinicienne H\u00f4pital Necker enfants malades<\/p>\n<p><strong>Autres membres :<\/strong><\/p>\n<p>Jean-Michel Zucker, Chef de D\u00e9partement Honoraire (oncologie p\u00e9diatrique). Institut Curie, Paris<\/p>\n<p>Aur\u00e9lie Portefaix, p\u00e9diatre au CHU de Lyon<\/p>\n<p>Fanny Momboisse, conseill\u00e8re en \u00e9thique de la recherche<\/p>\n<p>Franck Devaux, \u00e9thicien<\/p>\n<p>S\u00e9gol\u00e8ne Gaillard, Coordinatrice Kids France et cheffe de projet au CIC Hospices Civils de Lyon (HCL)<\/p>\n<div>Elisabeth Herail, juriste droit de la sant\u00e9, membre du CPP Ile de France V<\/div>\n<div>\u00a0<\/div>\n<div>Bernadette Martins, infirmi\u00e8re pu\u00e9ricultrice, Pr\u00e9sidente du Comit\u00e9 d&rsquo;\u00e9thique de l&rsquo;Universit\u00e9 Paris Saclay, membre du CPP Ile de France VIII<\/div>\n<div>\u00a0<\/div>\n<div>Agn\u00e8s Saint-Raymond, P\u00e9diatre, Ancienne Directrice de Division Affaires Internationales de l\u2019EMA, membre du CPP Ile de France VII<\/div>\n<p>\u00a0<\/p>\n<p>\u00a0<\/p>\n<p><code>* Conf\u00e9rence Nationale des Comit\u00e9 de Protection des Personnes<\/code><br \/><code>** Comit\u00e9s de Protection des Personnes, charg\u00e9s de donner un avis sur les protocoles de recherche biom\u00e9dicales sur les<br \/>\npersonnes, parall\u00e8lement \u00e0 l\u2019autorisation d\u00e9livr\u00e9e par les autorit\u00e9s comp\u00e9tentes.<\/code><\/p>\n\n\n<p><\/p>\n","protected":false},"excerpt":{"rendered":"<p>[vc_section][vc_row][vc_column][vc_column_text]Le CERPed (Cercle d\u2019Ethique en Recherche P\u00e9diatrique) travaille, depuis sa cr\u00e9ation en 2009, \u00e0 l\u2019am\u00e9lioration des conditions \u00e9thiques de la recherche en p\u00e9diatrie.Ses travaux s\u2019adressent \u00e0 tous les acteurs de la recherche en p\u00e9diatrie : les enfants et les adolescents, leur famille (en particulier les parents et la fratrie), les \u00e9quipes soignantes, les promoteurs et [&hellip;]<\/p>\n","protected":false},"author":1,"featured_media":0,"parent":0,"menu_order":0,"comment_status":"closed","ping_status":"closed","template":"","meta":{"_acf_changed":false,"footnotes":""},"class_list":["post-5","page","type-page","status-publish","hentry"],"acf":[],"_links":{"self":[{"href":"https:\/\/www.cerped.fr\/index.php\/wp-json\/wp\/v2\/pages\/5","targetHints":{"allow":["GET"]}}],"collection":[{"href":"https:\/\/www.cerped.fr\/index.php\/wp-json\/wp\/v2\/pages"}],"about":[{"href":"https:\/\/www.cerped.fr\/index.php\/wp-json\/wp\/v2\/types\/page"}],"author":[{"embeddable":true,"href":"https:\/\/www.cerped.fr\/index.php\/wp-json\/wp\/v2\/users\/1"}],"replies":[{"embeddable":true,"href":"https:\/\/www.cerped.fr\/index.php\/wp-json\/wp\/v2\/comments?post=5"}],"version-history":[{"count":10,"href":"https:\/\/www.cerped.fr\/index.php\/wp-json\/wp\/v2\/pages\/5\/revisions"}],"predecessor-version":[{"id":1911,"href":"https:\/\/www.cerped.fr\/index.php\/wp-json\/wp\/v2\/pages\/5\/revisions\/1911"}],"wp:attachment":[{"href":"https:\/\/www.cerped.fr\/index.php\/wp-json\/wp\/v2\/media?parent=5"}],"curies":[{"name":"wp","href":"https:\/\/api.w.org\/{rel}","templated":true}]}}